{"id":521,"date":"2024-07-24T11:36:15","date_gmt":"2024-07-24T11:36:15","guid":{"rendered":"https:\/\/ggf4you.com\/?page_id=521"},"modified":"2024-07-24T15:34:34","modified_gmt":"2024-07-24T15:34:34","slug":"user-manual-ggf4you-drganja-sela","status":"publish","type":"page","link":"https:\/\/ggf4you.com\/?page_id=521","title":{"rendered":"User Manual &#8211; GGF4YOU- Drganja sela"},"content":{"rendered":"\n<div class=\"row\"  id=\"row-1589750650\">\n\n\n<\/div>\n<div class=\"slider-wrapper relative\" id=\"slider-1374421131\" >\n    <div class=\"slider slider-nav-circle slider-nav-large slider-nav-light slider-style-normal\"\n        data-flickity-options='{\n            \"cellAlign\": \"center\",\n            \"imagesLoaded\": true,\n            \"lazyLoad\": 1,\n            \"freeScroll\": false,\n            \"wrapAround\": true,\n            \"autoPlay\": 6000,\n            \"pauseAutoPlayOnHover\" : true,\n            \"prevNextButtons\": true,\n            \"contain\" : true,\n            \"adaptiveHeight\" : true,\n            \"dragThreshold\" : 10,\n            \"percentPosition\": true,\n            \"pageDots\": true,\n            \"rightToLeft\": false,\n            \"draggable\": true,\n            \"selectedAttraction\": 0.1,\n            \"parallax\" : 0,\n            \"friction\": 0.6        }'\n        >\n        \n\n\t<div class=\"img has-hover x md-x lg-x y md-y lg-y\" id=\"image_278779143\">\n\t\t\t\t\t\t\t\t<div class=\"img-inner dark\" >\n\t\t\t<img width=\"1020\" height=\"503\" src=\"https:\/\/ggf4you.com\/wp-content\/uploads\/2022\/12\/ds_panorama_2_smal-1024x505.jpg\" class=\"attachment-large size-large\" alt=\"All 4 you\" loading=\"lazy\" srcset=\"https:\/\/ggf4you.com\/wp-content\/uploads\/2022\/12\/ds_panorama_2_smal-1024x505.jpg 1024w, https:\/\/ggf4you.com\/wp-content\/uploads\/2022\/12\/ds_panorama_2_smal-300x148.jpg 300w, https:\/\/ggf4you.com\/wp-content\/uploads\/2022\/12\/ds_panorama_2_smal-768x379.jpg 768w, https:\/\/ggf4you.com\/wp-content\/uploads\/2022\/12\/ds_panorama_2_smal-1536x757.jpg 1536w, https:\/\/ggf4you.com\/wp-content\/uploads\/2022\/12\/ds_panorama_2_smal.jpg 2044w\" sizes=\"(max-width: 1020px) 100vw, 1020px\" \/>\t\t\t\t\t\t\n\t\t\t\t\t<\/div>\n\t\t\t\t\t\t\t\t\n<style>\n#image_278779143 {\n  width: 100%;\n}\n<\/style>\n\t<\/div>\n\t\n\n\n     <\/div>\n\n     <div class=\"loading-spin dark large centered\"><\/div>\n\n     <\/div>\n\n\n<h2><strong>1. Elektrika <\/strong><\/h2>\n<p><strong>Elektrika\u2013 stara ko\u010da <\/strong><\/p>\n<p>Elektrika se proizvaja preko son\u010dnih celic in sicer dva sistema son\u010dnih celic (sistem 1- 3 celice in sistem 2 &#8211; 2 celici). V kleti se nahajata 2 razmernika in dva sistema baterij. Stikalo za preusmeritev baterij se nahaja desno spodaj \u2013 nad sistemom baterij. Ko in \u010de napetost baterij pade pod 12 voltov, se avtomati\u010dno za\u017eene agregat na kurilno olje, ki &#8211; polni baterije preko dveh napajalcev z mo\u010djo 2 x 30 A. Rezervoar za kurilno olje je potrebno napolniti po 8-urah delovanja agregata. Rezervno kurilno olje se nahaja v kleti. Agregat se avtomati\u010dno ugasne po delovanju od 1 \u2013 2 ur. Agregat se nahaja v spodnji kleti \u2013 -poleg bazena za kopanje. Nad agregatom se nahaja stikalo za izklop agregata \u2013 \u010de \u017eelite izklopiti agregat pred potekom obdobja polnjenja. Celotni sistem zagotavlja enosmerno elektriko 12 V (rde\u010da stikala za lu\u010di) in tudi 220 V, kar zagotavlja inverter z mo\u010djo 2000 W. V stari ko\u010di deluje radio sistem za predvajanje glasbe. Sistem se lahko pove\u017ee tudi s TV aparatom za izbolj\u0161anje zvoka. V stari ko\u010di se nahajata dva polnilnika za baterije, ki napajajo 2 prenosna radia in prenosno svetilko ter polnilec za mobilne telefone (makita). V ko\u010di se nahajata dve kameri.<\/p>\n<p><strong>Eletrika \u2013 nova ko\u010da <\/strong><\/p>\n<p>Elektrika v novo ko\u010do prihaja preko \u017eic iz stare ko\u010de. V novi ko\u010di deluje sistem 220 V napetosti. V kleti v novi ko\u010di se nahaja tudi pipa za to\u010denje odprtega piva in jabol\u010dnega soka (desna pipa). Hlajenje pija\u010de se zagotavlja zgolj v \u010dasu delovanja sonca, saj je hladilnik velik porabnik elektrike. V ko\u010di se nahaja ena kamera.<\/p>\n<p><strong>KAKO NAJBOLJE VZDR\u017dEVATI ELEKTRIKO? <\/strong><\/p>\n<p>Zelo pomembno je, da velike porabnike polnite v \u010dasu, ko sije sonce. Od 19:00-te ure dalje je smiselno uporabljati zgolj lu\u010di in hladilnik ter TV sprejemnik. V nujnih primerih se lahko zamenja uporaba baterij, preko stikala za menjavo baterij.<\/p>\n<p>\u00a0<\/p>\n<h1><strong>1. Electricity\u00a0<\/strong><\/h1>\n<p><strong>Oldd cottage<\/strong><\/p>\n<p>Electricity is produced via solar cells, namely two systems of solar cells (system 1 &#8211; 3 cells and system 2 &#8211; 2 cells).<\/p>\n<p>There are 2 ratios and two battery systems in the basement. The battery diverter switch is located on the lower right &#8211; above the battery system.<\/p>\n<p>When and if the voltage of the batteries falls below 12 volts, the heating oil generator is automatically started, which &#8211; charges the batteries via two power supplies with a power of 2 x 30 A. The fuel oil tank must be filled after 8 hours of operation of the generator. The spare heating oil is located in the basement.<\/p>\n<p>The unit switches off automatically after 1-2 hours of operation. The unit is located in the lower basement &#8211; -next to the swimming pool. Above the generator, there is a switch to turn off the generator &#8211; if you want to turn off the generator before the charging period expires.<\/p>\n<p>The whole system provides 12V DC electricity (red switches for the lights) and also 220V, which is provided by a 2000W inverter.<\/p>\n<p>The old cottage has a radio system for playing music. The system can also be connected to a TV set for sound enhancement.<\/p>\n<p>In the old cottage there are two battery chargers that power 2 portable radios and a portable flashlight, as well as a mobile phone charger (Makita).<\/p>\n<p>There are two cameras in the cottage.<\/p>\n<p><strong>Electricity &#8211; new cottage<\/strong><\/p>\n<p>Electricity comes to the new cottage via wires from the old cottage. A 220 V voltage system works in the new cottage. In the cellar of the new cottage there is also a tap for pouring open beer and apple juice (right tap). The cooling of the drink is ensured only during the working hours of the sun, as the refrigerator is a large consumer of electricity.<\/p>\n<p>There is one camera in the cottage.<\/p>\n<p><strong>HOW TO BEST MAINTAIN ELECTRICITY?<\/strong><\/p>\n<p>It is very important to charge large consumers during the time when the sun is shining. From 7:00 p.m., it makes sense to use only the lights, the refrigerator, and the TV set.<\/p>\n<p>In an emergency, the use of batteries can be changed via the battery change switch.<\/p>\n<h1><strong>2. Ogrevanje vode<\/strong><\/h1>\n<p><strong>Ogrevanje vode stara ko\u010da<\/strong><\/p>\n<p>Ogrevanje vode poteka preko sistema plinskega grelca. \u010ce \u017eelite vro\u010do vodo, odprite pipo (smer rde\u010de barve) in po\u010dakajte da prite\u010de topla voda<\/p>\n<p><strong>Ogrevanje vode \u2013 nova ko\u010da<\/strong><\/p>\n<p>Ogrevanje vode poteka preko sistema plinskega grelca. \u010ce \u017eelite vro\u010do vodo, odprite pipo (smer rde\u010de barve) in po\u010dakajte da prite\u010de topla voda. Sistem velja za obe kopalnici.<\/p>\n<h1><strong>2. Water heating <\/strong><\/h1>\n<div><strong>Water heating old cottage<\/strong><\/div>\n<div>\u00a0<\/div>\n<div>Water is heated via a gas heater system. If you want hot water, open the tap (red direction) and wait for hot water to flow.<\/div>\n<div>\u00a0<\/div>\n<div><strong>Water heating &#8211; new cottage<\/strong><\/div>\n<div>\u00a0<\/div>\n<div>Water is heated via a gas heater system. If you want hot water, open the tap (red direction) and wait for hot water to flow. The system applies to both bathrooms.<\/div>\n<h1><strong>3. Voda<\/strong><\/h1>\n<p>V stari in novi ko\u010di zagotavljamo vodo iz dveh vodnjakov, ki zagotavljata vsak po 12 m3 vode.<\/p>\n<h1><strong>3. Water<\/strong><\/h1>\n<div>In the old and new cottage, we provide water from two wells, each providing 12 m3 of water.<\/div>\n<h1>4. Kuhanje<\/h1>\n<p>V <strong>stari<\/strong> ko\u010di se nahaja plinski \u0161tedilnik, \u0161tedilnik na drva in pe\u010d na drva, kjer je mogo\u010de pripravljati tudi pice.\u00a0<br \/><br \/>V <strong>zunanji<\/strong> kuhinji se lahko pripravljajo jedi izpod peke ali pa jedi iz \u017eara.<\/p>\n<p>V <strong>novi<\/strong> ko\u010di se nahaja prenosljivi kuhalnik na plin, zunanja pe\u010d za pripravo pic ter odprto kuri\u0161\u010de za pripravo jedi iz \u017eara.<\/p>\n<p>Ne priporo\u010damo nobene naparava za pripravo jedi, ki porablja veliko elektrike.<\/p>\n<h1>4. Cooking<\/h1>\n<div>In the <strong>old<\/strong> cottage there is a gas stove, a wood-burning stove and a wood-burning oven where you can also prepare pizzas.<br \/><br \/><\/div>\n<div>In the <strong>outdoor<\/strong> kitchen, you can prepare dishes from the oven or from the grill.<br \/><br \/><\/div>\n<div>In the <strong>new<\/strong> cottage, there is a portable gas cooker, an outdoor oven for preparing pizzas and an open fireplace for preparing food from the grill.<br \/><br \/><\/div>\n<div>We do not recommend any food preparation device that consumes a lot of electricity.<\/div>\n\n","protected":false},"excerpt":{"rendered":"<p>1. Elektrika Elektrika\u2013 stara ko\u010da Elektrika se proizvaja preko son\u010dnih celic in sicer dva sistema son\u010dnih celic (sistem 1- 3 celice in sistem 2 &#8211; 2 celici). V kleti se nahajata 2 razmernika in dva sistema baterij. Stikalo za preusmeritev baterij se nahaja desno spodaj \u2013 nad sistemom baterij. Ko in \u010de napetost baterij pade [&#8230;]\n","protected":false},"author":2,"featured_media":0,"parent":0,"menu_order":0,"comment_status":"closed","ping_status":"closed","template":"","meta":[],"_links":{"self":[{"href":"https:\/\/ggf4you.com\/index.php?rest_route=\/wp\/v2\/pages\/521"}],"collection":[{"href":"https:\/\/ggf4you.com\/index.php?rest_route=\/wp\/v2\/pages"}],"about":[{"href":"https:\/\/ggf4you.com\/index.php?rest_route=\/wp\/v2\/types\/page"}],"author":[{"embeddable":true,"href":"https:\/\/ggf4you.com\/index.php?rest_route=\/wp\/v2\/users\/2"}],"replies":[{"embeddable":true,"href":"https:\/\/ggf4you.com\/index.php?rest_route=%2Fwp%2Fv2%2Fcomments&post=521"}],"version-history":[{"count":33,"href":"https:\/\/ggf4you.com\/index.php?rest_route=\/wp\/v2\/pages\/521\/revisions"}],"predecessor-version":[{"id":555,"href":"https:\/\/ggf4you.com\/index.php?rest_route=\/wp\/v2\/pages\/521\/revisions\/555"}],"wp:attachment":[{"href":"https:\/\/ggf4you.com\/index.php?rest_route=%2Fwp%2Fv2%2Fmedia&parent=521"}],"curies":[{"name":"wp","href":"https:\/\/api.w.org\/{rel}","templated":true}]}}