{"id":668,"date":"2025-12-14T15:14:20","date_gmt":"2025-12-14T15:14:20","guid":{"rendered":"https:\/\/ggf4you.com\/?page_id=668"},"modified":"2025-12-16T13:07:12","modified_gmt":"2025-12-16T13:07:12","slug":"evin-trenutek-ustvarjen-z-emo-in-nataso","status":"publish","type":"page","link":"https:\/\/ggf4you.com\/?page_id=668","title":{"rendered":"Evin trenutek, ustvarjen z Emo in Nata\u0161o"},"content":{"rendered":"\n<h1><img loading=\"lazy\" class=\"alignnone size-medium wp-image-670 aligncenter\" src=\"https:\/\/ggf4you.com\/wp-content\/uploads\/2025\/12\/Eva-in-greh-300x300.jpg\" alt=\"\" width=\"300\" height=\"300\" srcset=\"https:\/\/ggf4you.com\/wp-content\/uploads\/2025\/12\/Eva-in-greh-300x300.jpg 300w, https:\/\/ggf4you.com\/wp-content\/uploads\/2025\/12\/Eva-in-greh-150x150.jpg 150w, https:\/\/ggf4you.com\/wp-content\/uploads\/2025\/12\/Eva-in-greh-768x768.jpg 768w, https:\/\/ggf4you.com\/wp-content\/uploads\/2025\/12\/Eva-in-greh.jpg 800w\" sizes=\"(max-width: 300px) 100vw, 300px\" \/><\/h1>\n<h1 style=\"text-align: center;\">Evin trenutek, ustvarjen z Emo in Nata\u0161o (dva kola\u010da, ki podreta obrambo)<\/h1>\n<p>\u00a0<\/p>\n<h2 style=\"text-align: center;\">Ponudba (Vanilijev kola\u010dek in \u010cokoladno orehov-medeni kola\u010d, postre\u017eena na &#8220;jabol\u010dnem kro\u017eniku&#8221; iz lesa s prilogo cimeta, vanilije in medu)<\/h2>\n<h2>\u00a0<\/h2>\n<h2 style=\"text-align: center;\">Eva ni simbol greha.<br data-start=\"162\" data-end=\"165\" \/>Eva je trenutek,<br data-start=\"181\" data-end=\"184\" \/>ko je nekaj dovolj toplo in globoko,<br data-start=\"220\" data-end=\"223\" \/>da te zapelje.<\/h2>\n<p>\u00a0<\/p>\n<h3 data-start=\"306\" data-end=\"327\"><strong data-start=\"310\" data-end=\"327\">Ema \/ Toplina<\/strong><\/h3>\n<p data-start=\"328\" data-end=\"396\"><strong data-start=\"328\" data-end=\"396\">Ema prinese toplino,<br data-start=\"350\" data-end=\"353\" \/>kjer se ne\u017eno prebudita cimet in vanilja.<\/strong><\/p>\n<p data-start=\"328\" data-end=\"396\">Ne\u017een, svetel kola\u010dek z izrazitim okusom prave vanilije. Mehak in zra\u010den, z rahlo sladkobo, ki ne obte\u017ei okusa. Namenjen je tistim, ki imajo radi <strong data-start=\"535\" data-end=\"567\">topel, doma\u010d in umirjen okus<\/strong>, ki spominja na sve\u017ee pe\u010deno pecivo in ob\u010dutek udobja.<\/p>\n<p data-start=\"328\" data-end=\"396\">\u00a0<\/p>\n<h3 data-start=\"398\" data-end=\"422\"><strong data-start=\"402\" data-end=\"422\">Nata\u0161a \/ Globina<\/strong><\/h3>\n<p data-start=\"423\" data-end=\"503\"><strong data-start=\"423\" data-end=\"503\">Nata\u0161a ustvari globino,<br data-start=\"448\" data-end=\"451\" \/>kjer se okus medu, orehov in \u010dokolade zadr\u017ei v neskon\u010dnost.<\/strong><\/p>\n<p data-start=\"423\" data-end=\"503\">Poln in izrazit kola\u010d, kjer se bogata \u010dokolada preplete z orehi in medom in ustvari dolgotrajen okus. Tekstura je bolj polna, okus ostane dlje in se razvija postopoma. Namenjen je tistim, ki i\u0161\u010dejo <strong data-start=\"1010\" data-end=\"1057\">intenzivnej\u0161i, globlji in bolj nasi\u010den okus<\/strong>.<\/p>\n<p data-start=\"423\" data-end=\"503\">\u00a0<\/p>\n<p data-start=\"423\" data-end=\"503\">\u00a0<\/p>\n<h3 style=\"text-align: center;\" data-start=\"423\" data-end=\"503\">Pi\u0161ite nam &#8211; NARO\u010cILA:<\/h3>\n<p style=\"text-align: center;\" data-start=\"423\" data-end=\"503\"><strong>1. A.<\/strong> TOPLINA + GLOBINA + najem LESENIH KRO\u017dNIKOV (naro\u010dilo v kom) ali<\/p>\n<p style=\"text-align: center;\" data-start=\"423\" data-end=\"503\"><strong>B.<\/strong> TOPLINA + GLOBINA (naro\u010dilo v kom)<\/p>\n<p data-start=\"423\" data-end=\"503\">\u00a0<\/p>\n<p style=\"text-align: center;\" data-start=\"423\" data-end=\"503\"><strong>Cena ?\u00a0<\/strong> Ponudbo po\u0161ljemo na podlagi prejetega povpra\u0161evanja, ki se izvede s klikom na &#8220;POVPRA\u0160EVANJE&#8221;\u00a0 &#8211; <a href=\"https:\/\/podio.com\/webforms\/30579839\/2587598\">kliknite tukaj<\/a><\/p>\n<p data-start=\"423\" data-end=\"503\">\u00a0<\/p>\n<p data-start=\"423\" data-end=\"503\"><img loading=\"lazy\" class=\"alignnone size-medium wp-image-679 aligncenter\" src=\"https:\/\/ggf4you.com\/wp-content\/uploads\/2025\/12\/eva-ema-natasa_logo-300x300.jpg\" alt=\"\" width=\"300\" height=\"300\" srcset=\"https:\/\/ggf4you.com\/wp-content\/uploads\/2025\/12\/eva-ema-natasa_logo-300x300.jpg 300w, https:\/\/ggf4you.com\/wp-content\/uploads\/2025\/12\/eva-ema-natasa_logo-150x150.jpg 150w, https:\/\/ggf4you.com\/wp-content\/uploads\/2025\/12\/eva-ema-natasa_logo-768x768.jpg 768w, https:\/\/ggf4you.com\/wp-content\/uploads\/2025\/12\/eva-ema-natasa_logo.jpg 800w\" sizes=\"(max-width: 300px) 100vw, 300px\" \/><\/p>\n<p>\u00a0<\/p>\n\n","protected":false},"excerpt":{"rendered":"<p>Evin trenutek, ustvarjen z Emo in Nata\u0161o (dva kola\u010da, ki podreta obrambo) \u00a0 Ponudba (Vanilijev kola\u010dek in \u010cokoladno orehov-medeni kola\u010d, postre\u017eena na &#8220;jabol\u010dnem kro\u017eniku&#8221; iz lesa s prilogo cimeta, vanilije in medu) \u00a0 Eva ni simbol greha.Eva je trenutek,ko je nekaj dovolj toplo in globoko,da te zapelje. \u00a0 Ema \/ Toplina Ema prinese toplino,kjer se [&#8230;]\n","protected":false},"author":2,"featured_media":0,"parent":0,"menu_order":0,"comment_status":"closed","ping_status":"closed","template":"","meta":[],"_links":{"self":[{"href":"https:\/\/ggf4you.com\/index.php?rest_route=\/wp\/v2\/pages\/668"}],"collection":[{"href":"https:\/\/ggf4you.com\/index.php?rest_route=\/wp\/v2\/pages"}],"about":[{"href":"https:\/\/ggf4you.com\/index.php?rest_route=\/wp\/v2\/types\/page"}],"author":[{"embeddable":true,"href":"https:\/\/ggf4you.com\/index.php?rest_route=\/wp\/v2\/users\/2"}],"replies":[{"embeddable":true,"href":"https:\/\/ggf4you.com\/index.php?rest_route=%2Fwp%2Fv2%2Fcomments&post=668"}],"version-history":[{"count":15,"href":"https:\/\/ggf4you.com\/index.php?rest_route=\/wp\/v2\/pages\/668\/revisions"}],"predecessor-version":[{"id":686,"href":"https:\/\/ggf4you.com\/index.php?rest_route=\/wp\/v2\/pages\/668\/revisions\/686"}],"wp:attachment":[{"href":"https:\/\/ggf4you.com\/index.php?rest_route=%2Fwp%2Fv2%2Fmedia&parent=668"}],"curies":[{"name":"wp","href":"https:\/\/api.w.org\/{rel}","templated":true}]}}